{"id":584,"date":"2016-07-12T10:08:24","date_gmt":"2016-07-12T10:08:24","guid":{"rendered":"http:\/\/extra.aspengrovestudios.space\/?page_id=584"},"modified":"2025-09-16T14:18:12","modified_gmt":"2025-09-16T12:18:12","slug":"ueber-uns","status":"publish","type":"page","link":"https:\/\/www.abilis.de\/blog\/ueber-uns\/","title":{"rendered":"\u00dcBER UNS"},"content":{"rendered":"<p>[et_pb_section fb_built=&#8220;1&#8243; admin_label=&#8220;section&#8220; _builder_version=&#8220;4.16&#8243; background_image=&#8220;https:\/\/abilis.de\/blog\/wp-content\/uploads\/2023\/01\/Wir-fuer-Sie-Blog-scaled.jpg&#8220; background_position=&#8220;top_center&#8220; z_index_tablet=&#8220;500&#8243; global_colors_info=&#8220;{}&#8220;][et_pb_row admin_label=&#8220;row&#8220; _builder_version=&#8220;4.16&#8243; background_color=&#8220;rgba(252,252,252,0.85)&#8220; background_size=&#8220;initial&#8220; background_position=&#8220;top_left&#8220; background_repeat=&#8220;repeat&#8220; global_colors_info=&#8220;{}&#8220;][et_pb_column type=&#8220;4_4&#8243; _builder_version=&#8220;4.16&#8243; background_position=&#8220;top_left&#8220; custom_padding=&#8220;|||&#8220; global_colors_info=&#8220;{}&#8220; custom_padding__hover=&#8220;|||&#8220;][et_pb_text _builder_version=&#8220;4.16&#8243; background_size=&#8220;initial&#8220; background_position=&#8220;top_left&#8220; background_repeat=&#8220;repeat&#8220; custom_margin=&#8220;2%|2%|2%|2%&#8220; global_colors_info=&#8220;{}&#8220;]<\/p>\n<h1 style=\"text-align: center;\">DAS SIND WIR<\/h1>\n<p style=\"text-align: center;\">Wir schreiben f\u00fcr Sie mit viel Herzblut aus der Technologieregion Karlsruhe, dem Rheinland und M\u00fcnchen.<\/p>\n<p style=\"text-align: center;\">Wir sind Mitarbeitende der abilis group. Hier auf diesem Blog geht es allerdings um SIE. Deshalb nehmen wir gerne weiter unten Ihre W\u00fcnsche f\u00fcr neue Blogbeitr\u00e4ge entgegen und werden diese so schnell wie m\u00f6glich umsetzen. Kommen Sie bei Fragen oder Anmerkungen gerne auf uns zu.<\/p>\n<p style=\"text-align: center;\">Trotzdem m\u00f6chten wir unser Unternehmen die <a href=\"https:\/\/www.abilis.de\/\" target=\"_blank\" rel=\"noopener noreferrer\">abilis group<\/a> kurz vorstellen:<\/p>\n<p style=\"text-align: center;\">Wir, die abilis group, sind ein wachstumsorientiertes Unternehmen, das Ihnen innovative Solutions f\u00fcr Ihre 360\u00b0-IT-Wertsch\u00f6pfung aus einer Hand bietet. Von der SAP-Transformation \u00fcber die Betreuung und Optimierung Ihres SAP-Systems und AddOns bis hin zum SAP Human Resource Management. Von der zukunftssicheren IT-Beratung und der IT-Betreuung vor Ort oder remote \u00fcber Hosting und Microsoft Services bis hin zum ausgekl\u00fcgelten IT-Security-Konzept. Oder aber auch von der leistungsstarken CPQ-Software<br \/>\n\u00fcber Order-to-Cash- und Purchase-to-Pay-L\u00f6sungen bis hin zu Individualentwicklungen.<\/p>\n<p>[\/et_pb_text][\/et_pb_column][\/et_pb_row][\/et_pb_section][et_pb_section fb_built=&#8220;1&#8243; _builder_version=&#8220;4.16&#8243; global_colors_info=&#8220;{}&#8220;][et_pb_row _builder_version=&#8220;4.16&#8243; background_size=&#8220;initial&#8220; background_position=&#8220;top_left&#8220; background_repeat=&#8220;repeat&#8220; global_colors_info=&#8220;{}&#8220;][et_pb_column type=&#8220;4_4&#8243; _builder_version=&#8220;4.16&#8243; custom_padding=&#8220;|||&#8220; global_colors_info=&#8220;{}&#8220; custom_padding__hover=&#8220;|||&#8220;][et_pb_contact_form email=&#8220;marketing@abilis.de&#8220; title=&#8220;Haben Sie Fragen oder W\u00fcnsche?&#8220; submit_button_text=&#8220;Senden&#8220; module_id=&#8220;et_pb_contact_form_0&#8243; _builder_version=&#8220;4.16&#8243; _unique_id=&#8220;98647cd6-c651-494b-8e29-90a296621db1&#8243; title_text_color=&#8220;#414b55&#8243; title_font_size=&#8220;18&#8243; title_letter_spacing=&#8220;1px&#8220; border_radii=&#8220;on|0px|0px|0px|0px&#8220; global_colors_info=&#8220;{}&#8220;][et_pb_contact_field field_id=&#8220;Name&#8220; field_title=&#8220;Name&#8220; _builder_version=&#8220;4.16&#8243; form_field_font=&#8220;||||&#8220; use_border_color=&#8220;off&#8220; global_colors_info=&#8220;{}&#8220; button_text_size__hover_enabled=&#8220;off&#8220; button_one_text_size__hover_enabled=&#8220;off&#8220; button_two_text_size__hover_enabled=&#8220;off&#8220; button_text_color__hover_enabled=&#8220;off&#8220; button_one_text_color__hover_enabled=&#8220;off&#8220; button_two_text_color__hover_enabled=&#8220;off&#8220; button_border_width__hover_enabled=&#8220;off&#8220; button_one_border_width__hover_enabled=&#8220;off&#8220; button_two_border_width__hover_enabled=&#8220;off&#8220; button_border_color__hover_enabled=&#8220;off&#8220; button_one_border_color__hover_enabled=&#8220;off&#8220; button_two_border_color__hover_enabled=&#8220;off&#8220; button_border_radius__hover_enabled=&#8220;off&#8220; button_one_border_radius__hover_enabled=&#8220;off&#8220; button_two_border_radius__hover_enabled=&#8220;off&#8220; button_letter_spacing__hover_enabled=&#8220;off&#8220; button_one_letter_spacing__hover_enabled=&#8220;off&#8220; button_two_letter_spacing__hover_enabled=&#8220;off&#8220; button_bg_color__hover_enabled=&#8220;off&#8220; button_one_bg_color__hover_enabled=&#8220;off&#8220; button_two_bg_color__hover_enabled=&#8220;off&#8220;][\/et_pb_contact_field][et_pb_contact_field field_id=&#8220;Email&#8220; field_title=&#8220;E-mail-Adresse&#8220; field_type=&#8220;email&#8220; _builder_version=&#8220;4.16&#8243; form_field_font=&#8220;||||&#8220; use_border_color=&#8220;off&#8220; global_colors_info=&#8220;{}&#8220; button_text_size__hover_enabled=&#8220;off&#8220; button_one_text_size__hover_enabled=&#8220;off&#8220; button_two_text_size__hover_enabled=&#8220;off&#8220; button_text_color__hover_enabled=&#8220;off&#8220; button_one_text_color__hover_enabled=&#8220;off&#8220; button_two_text_color__hover_enabled=&#8220;off&#8220; button_border_width__hover_enabled=&#8220;off&#8220; button_one_border_width__hover_enabled=&#8220;off&#8220; button_two_border_width__hover_enabled=&#8220;off&#8220; button_border_color__hover_enabled=&#8220;off&#8220; button_one_border_color__hover_enabled=&#8220;off&#8220; button_two_border_color__hover_enabled=&#8220;off&#8220; button_border_radius__hover_enabled=&#8220;off&#8220; button_one_border_radius__hover_enabled=&#8220;off&#8220; button_two_border_radius__hover_enabled=&#8220;off&#8220; button_letter_spacing__hover_enabled=&#8220;off&#8220; button_one_letter_spacing__hover_enabled=&#8220;off&#8220; button_two_letter_spacing__hover_enabled=&#8220;off&#8220; button_bg_color__hover_enabled=&#8220;off&#8220; button_one_bg_color__hover_enabled=&#8220;off&#8220; button_two_bg_color__hover_enabled=&#8220;off&#8220;][\/et_pb_contact_field][et_pb_contact_field field_id=&#8220;Message&#8220; field_title=&#8220;Hier eine Nachricht hinterlassen &#8230;&#8220; field_type=&#8220;text&#8220; fullwidth_field=&#8220;on&#8220; _builder_version=&#8220;4.16&#8243; form_field_font=&#8220;||||&#8220; use_border_color=&#8220;off&#8220; global_colors_info=&#8220;{}&#8220; button_text_size__hover_enabled=&#8220;off&#8220; button_one_text_size__hover_enabled=&#8220;off&#8220; button_two_text_size__hover_enabled=&#8220;off&#8220; button_text_color__hover_enabled=&#8220;off&#8220; button_one_text_color__hover_enabled=&#8220;off&#8220; button_two_text_color__hover_enabled=&#8220;off&#8220; button_border_width__hover_enabled=&#8220;off&#8220; button_one_border_width__hover_enabled=&#8220;off&#8220; button_two_border_width__hover_enabled=&#8220;off&#8220; button_border_color__hover_enabled=&#8220;off&#8220; button_one_border_color__hover_enabled=&#8220;off&#8220; button_two_border_color__hover_enabled=&#8220;off&#8220; button_border_radius__hover_enabled=&#8220;off&#8220; button_one_border_radius__hover_enabled=&#8220;off&#8220; button_two_border_radius__hover_enabled=&#8220;off&#8220; button_letter_spacing__hover_enabled=&#8220;off&#8220; button_one_letter_spacing__hover_enabled=&#8220;off&#8220; button_two_letter_spacing__hover_enabled=&#8220;off&#8220; button_bg_color__hover_enabled=&#8220;off&#8220; button_one_bg_color__hover_enabled=&#8220;off&#8220; button_two_bg_color__hover_enabled=&#8220;off&#8220;][\/et_pb_contact_field][et_pb_contact_field field_id=&#8220;Datenschutz&#8220; field_title=&#8220;Datentschutz&#8220; field_type=&#8220;checkbox&#8220; checkbox_options=&#8220;%91{%22value%22:%22Die Datenschutzbestimmungen habe ich gelesen und stimme zu, dass meine Angaben aus dem Kontaktformular zur Beantwortung meiner Anfrage erhoben und verarbeitet werden.%22,%22checked%22:0,%22dragID%22:0}%93&#8243; fullwidth_field=&#8220;on&#8220; _builder_version=&#8220;4.16&#8243; global_colors_info=&#8220;{}&#8220; button_text_size__hover_enabled=&#8220;off&#8220; button_one_text_size__hover_enabled=&#8220;off&#8220; button_two_text_size__hover_enabled=&#8220;off&#8220; button_text_color__hover_enabled=&#8220;off&#8220; button_one_text_color__hover_enabled=&#8220;off&#8220; button_two_text_color__hover_enabled=&#8220;off&#8220; button_border_width__hover_enabled=&#8220;off&#8220; button_one_border_width__hover_enabled=&#8220;off&#8220; button_two_border_width__hover_enabled=&#8220;off&#8220; button_border_color__hover_enabled=&#8220;off&#8220; button_one_border_color__hover_enabled=&#8220;off&#8220; button_two_border_color__hover_enabled=&#8220;off&#8220; button_border_radius__hover_enabled=&#8220;off&#8220; button_one_border_radius__hover_enabled=&#8220;off&#8220; button_two_border_radius__hover_enabled=&#8220;off&#8220; button_letter_spacing__hover_enabled=&#8220;off&#8220; button_one_letter_spacing__hover_enabled=&#8220;off&#8220; button_two_letter_spacing__hover_enabled=&#8220;off&#8220; button_bg_color__hover_enabled=&#8220;off&#8220; button_one_bg_color__hover_enabled=&#8220;off&#8220; button_two_bg_color__hover_enabled=&#8220;off&#8220;][\/et_pb_contact_field][\/et_pb_contact_form][et_pb_text _builder_version=&#8220;4.16&#8243; global_colors_info=&#8220;{}&#8220;]<\/p>\n<p>Detaillierte Informationen zum Umgang mit Nutzerdaten finden Sie in unserer <a href=\"\/datenschutz\/\" target=\"_blank\" rel=\"noopener noreferrer\">Datenschutzerkl\u00e4rung.<\/p>\n<p>[\/et_pb_text][\/et_pb_column][\/et_pb_row][\/et_pb_section][et_pb_section fb_built=&#8220;1&#8243; disabled_on=&#8220;on|on|on&#8220; _builder_version=&#8220;4.16&#8243; disabled=&#8220;on&#8220; global_colors_info=&#8220;{}&#8220;][et_pb_row column_structure=&#8220;1_2,1_2&#8243; _builder_version=&#8220;4.16&#8243; background_size=&#8220;initial&#8220; background_position=&#8220;top_left&#8220; background_repeat=&#8220;repeat&#8220; global_colors_info=&#8220;{}&#8220;][et_pb_column type=&#8220;1_2&#8243; _builder_version=&#8220;4.16&#8243; custom_padding=&#8220;|||&#8220; global_colors_info=&#8220;{}&#8220; custom_padding__hover=&#8220;|||&#8220;][et_pb_team_member name=&#8220;Jasmin Becker&#8220; position=&#8220;Marketing Manager&#8220; image_url=&#8220;https:\/\/abilis.de\/blog\/wp-content\/uploads\/2017\/07\/DasSindWir.jpg&#8220; facebook_url=&#8220;https:\/\/www.facebook.com\/&#8220; linkedin_url=&#8220;https:\/\/de.linkedin.com\/&#8220; _builder_version=&#8220;4.16&#8243; header_font=&#8220;Roboto|on||on|&#8220; header_text_color=&#8220;#e09900&#8243; header_font_size=&#8220;20&#8243; body_font=&#8220;Lato||||&#8220; border_style=&#8220;solid&#8220; icon_hover_color=&#8220;#e09900&#8243; global_colors_info=&#8220;{}&#8220; icon_color__hover=&#8220;#e09900&#8243; icon_color__hover_enabled=&#8220;on&#8220;]Lorem Ipsum\u00a0Lorem Ipsum\u00a0Lorem Ipsum\u00a0Lorem Ipsum\u00a0Lorem Ipsum\u00a0Lorem Ipsum\u00a0Lorem Ipsum\u00a0Lorem Ipsum\u00a0Lorem Ipsum\u00a0Lorem Ipsum\u00a0Lorem Ipsum\u00a0Lorem Ipsum\u00a0Lorem Ipsum\u00a0Lorem Ipsum\u00a0Lorem Ipsum\u00a0Lorem Ipsum\u00a0Lorem Ipsum\u00a0Lorem Ipsum\u00a0Lorem Ipsum\u00a0Lorem Ipsum<br \/>\n[\/et_pb_team_member][\/et_pb_column][et_pb_column type=&#8220;1_2&#8243; _builder_version=&#8220;4.16&#8243; custom_padding=&#8220;|||&#8220; global_colors_info=&#8220;{}&#8220; custom_padding__hover=&#8220;|||&#8220;][et_pb_team_member name=&#8220;Katharina Lutz&#8220; position=&#8220;Online Marketing und Social Media&#8220; image_url=&#8220;https:\/\/abilis.de\/blog\/wp-content\/uploads\/2016\/07\/photo-1467052240167-a9f34f672e70-small.jpg&#8220; facebook_url=&#8220;https:\/\/www.facebook.com\/&#8220; linkedin_url=&#8220;https:\/\/de.linkedin.com\/&#8220; _builder_version=&#8220;4.16&#8243; border_style=&#8220;solid&#8220; global_colors_info=&#8220;{}&#8220;]Lorem Ipsum\u00a0Lorem Ipsum\u00a0Lorem Ipsum\u00a0Lorem Ipsum\u00a0Lorem Ipsum\u00a0Lorem Ipsum\u00a0Lorem Ipsum\u00a0Lorem Ipsum\u00a0Lorem Ipsum\u00a0Lorem Ipsum\u00a0Lorem Ipsum\u00a0Lorem Ipsum\u00a0Lorem Ipsum\u00a0Lorem Ipsum\u00a0Lorem Ipsum\u00a0Lorem Ipsum\u00a0Lorem Ipsum\u00a0Lorem Ipsum\u00a0Lorem Ipsum\u00a0Lorem Ipsum\u00a0Lorem Ipsum<br \/>\n[\/et_pb_team_member][\/et_pb_column][\/et_pb_row][\/et_pb_section]<\/p>\n","protected":false},"excerpt":{"rendered":"<p>DAS SIND WIR Wir schreiben f\u00fcr Sie mit viel Herzblut aus der Technologieregion Karlsruhe, dem Rheinland und M\u00fcnchen. Wir sind Mitarbeitende der abilis group. Hier auf diesem Blog geht es allerdings um SIE. Deshalb nehmen wir gerne weiter unten Ihre W\u00fcnsche f\u00fcr neue Blogbeitr\u00e4ge entgegen und werden diese so schnell wie m\u00f6glich umsetzen. Kommen Sie [&hellip;]<\/p>\n","protected":false},"author":3,"featured_media":0,"parent":0,"menu_order":0,"comment_status":"closed","ping_status":"closed","template":"page-template-authors.php","meta":{"_et_pb_use_builder":"on","_et_pb_old_content":"Nulla a metus tortor. Suspendisse elementum diam ac elit consequat, ac commodo neque tristique. Pellentesque pharetra dolor metus, et interdum dolor posuere sed. Fusce pretium, arcu quis scelerisque sollicitudin, leo augue suscipit turpis, sed ultricies orci tellus non dui. Pellentesque porta nulla quis gravida interdum. Nunc tempus, urna quis porta fringilla, leo sem fermentum enim, in aliquam augue lectus at massa. Aenean porta ante justo. Aenean dapibus, tortor a hendrerit mollis, turpis libero mattis arcu, id malesuada tortor dui in est. Aliquam condimentum ipsum nec quam eleifend interdum. Vestibulum accumsan dignissim elit, id fermentum tortor. Pellentesque laoreet efficitur mi, sed consequat libero accumsan et. Sed laoreet justo ex, vitae auctor libero euismod vel. Suspendisse in neque eget mauris aliquam pulvinar sagittis sed turpis. Suspendisse viverra a ipsum sit amet molestie.","_et_gb_content_width":"","content-type":"","footnotes":""},"_links":{"self":[{"href":"https:\/\/www.abilis.de\/blog\/wp-json\/wp\/v2\/pages\/584"}],"collection":[{"href":"https:\/\/www.abilis.de\/blog\/wp-json\/wp\/v2\/pages"}],"about":[{"href":"https:\/\/www.abilis.de\/blog\/wp-json\/wp\/v2\/types\/page"}],"author":[{"embeddable":true,"href":"https:\/\/www.abilis.de\/blog\/wp-json\/wp\/v2\/users\/3"}],"replies":[{"embeddable":true,"href":"https:\/\/www.abilis.de\/blog\/wp-json\/wp\/v2\/comments?post=584"}],"version-history":[{"count":5,"href":"https:\/\/www.abilis.de\/blog\/wp-json\/wp\/v2\/pages\/584\/revisions"}],"predecessor-version":[{"id":9541,"href":"https:\/\/www.abilis.de\/blog\/wp-json\/wp\/v2\/pages\/584\/revisions\/9541"}],"wp:attachment":[{"href":"https:\/\/www.abilis.de\/blog\/wp-json\/wp\/v2\/media?parent=584"}],"curies":[{"name":"wp","href":"https:\/\/api.w.org\/{rel}","templated":true}]}}